{"id":22,"date":"2020-08-11T22:07:43","date_gmt":"2020-08-11T20:07:43","guid":{"rendered":"http:\/\/kabe-bud.pl\/?page_id=22"},"modified":"2026-01-13T07:03:23","modified_gmt":"2026-01-13T06:03:23","slug":"kontakt","status":"publish","type":"page","link":"https:\/\/kabe-bud.pl\/?page_id=22","title":{"rendered":"Kontakt"},"content":{"rendered":"\n<h3 class=\"wp-block-heading has-text-align-center\"><strong>Skontaktuj si\u0119 z nami!<\/strong><\/h3>\n\n\n\n<div class=\"wp-block-columns alignfull is-layout-flex wp-container-core-columns-is-layout-1 wp-block-columns-is-layout-flex\">\n<div class=\"wp-block-column is-layout-flow wp-block-column-is-layout-flow\" style=\"flex-basis:33.33%\">\n<p class=\"has-text-align-center\"><strong>KABE-BUD Sp. z o.o.<\/strong><br><br><strong>Dane rejestrowe:<\/strong><br>KABE-BUD Sp. z o.o.<br>ul. Hallera 6-8 60-104 Pozna\u0144<br>NIP:7781417016<br>Skrytka pocztowa nr 1 UP 47<\/p>\n\n\n\n<p class=\"has-text-align-center\"><\/p>\n\n\n\n<p class=\"has-text-align-center\"><strong>Siedziba sp\u00f3\u0142ki:<\/strong><br>KABE-BUD Sp. z o.o.<br>ul. Pozna\u0144ska 174<br>62-052 Komorniki<\/p>\n<\/div>\n\n\n\n<div class=\"wp-block-column is-layout-flow wp-block-column-is-layout-flow\" style=\"flex-basis:66.66%\">\n<iframe src=\"https:\/\/www.google.com\/maps\/embed?pb=!1m18!1m12!1m3!1d2437.3049458806163!2d16.828887412508397!3d52.3467542718995!2m3!1f0!2f0!3f0!3m2!1i1024!2i768!4f13.1!3m3!1m2!1s0x470445397f13366b%3A0x93585dfa74e562b1!2sKabe-Bud!5e0!3m2!1spl!2spl!4v1768284161209!5m2!1spl!2spl\" width=\"100%\" height=\"350\" style=\"border:0;\" allowfullscreen=\"\" loading=\"lazy\" referrerpolicy=\"no-referrer-when-downgrade\"><\/iframe>\n<\/div>\n<\/div>\n\n\n\n<hr class=\"wp-block-separator has-css-opacity\"\/>\n\n\n\n<p style=\"font-size:30px;\"><strong>Dane kontaktowe<\/strong><\/p>\n\n\n\n<div class=\"wp-block-columns is-layout-flex wp-container-core-columns-is-layout-2 wp-block-columns-is-layout-flex\">\n<div class=\"wp-block-column is-layout-flow wp-block-column-is-layout-flow\" style=\"flex-basis:40%\">\n<p><strong>Prezes Zarz\u0105du<\/strong><br><strong>Dyrektor generalny<\/strong><br>Bartosz Banach<\/p>\n<\/div>\n\n\n\n<div class=\"wp-block-column is-layout-flow wp-block-column-is-layout-flow\" style=\"flex-basis:60%\">\n<p><br><br>tel. 502 693 249<br>email: bartosz.banach@kabe-bud.pl<\/p>\n<\/div>\n<\/div>\n\n\n\n<div class=\"wp-block-columns is-layout-flex wp-container-core-columns-is-layout-3 wp-block-columns-is-layout-flex\">\n<div class=\"wp-block-column is-layout-flow wp-block-column-is-layout-flow\" style=\"flex-basis:40%\">\n<p><strong>Dyrektor ds. technicznych<\/strong><br>Pawe\u0142 Mantaj<\/p>\n<\/div>\n\n\n\n<div class=\"wp-block-column is-layout-flow wp-block-column-is-layout-flow\" style=\"flex-basis:60%\">\n<p><br>tel. 696 797 095<br>email: pawel.mantaj@kabe-bud.pl<\/p>\n<\/div>\n<\/div>\n\n\n\n<div class=\"wp-block-columns is-layout-flex wp-container-core-columns-is-layout-4 wp-block-columns-is-layout-flex\">\n<div class=\"wp-block-column is-layout-flow wp-block-column-is-layout-flow\" style=\"flex-basis:40%\">\n<p><strong>Administracja<\/strong><br>Bernadeta Ratajczak<\/p>\n\n\n\n<p><br>Anna Banach<\/p>\n<\/div>\n\n\n\n<div class=\"wp-block-column is-layout-flow wp-block-column-is-layout-flow\" style=\"flex-basis:60%\">\n<p><br>tel. 61 655 37 40<br>email: bernadeta.ratajczak@kabe-bud.pl<\/p>\n\n\n\n<p>tel. 696 796 947<br>email: recepcja@kabe-bud.pl<\/p>\n<\/div>\n<\/div>\n\n\n\n<hr class=\"wp-block-separator has-css-opacity\"\/>\n\n\n\n<p class=\"has-text-align-center\"><strong>Kierownicy rob\u00f3t<\/strong><\/p>\n\n\n\n<div class=\"wp-block-columns is-layout-flex wp-container-core-columns-is-layout-5 wp-block-columns-is-layout-flex\">\n<div class=\"wp-block-column is-layout-flow wp-block-column-is-layout-flow\" style=\"flex-basis:40%\">\n<p><strong>Tomasz Buczkowski<\/strong><\/p>\n<\/div>\n\n\n\n<div class=\"wp-block-column is-layout-flow wp-block-column-is-layout-flow\" style=\"flex-basis:60%\">\n<p>tel. 696 796 775<br>email: tomasz.buczkowski@kabe-bud.pl<\/p>\n<\/div>\n<\/div>\n\n\n\n<div class=\"wp-block-columns is-layout-flex wp-container-core-columns-is-layout-6 wp-block-columns-is-layout-flex\">\n<div class=\"wp-block-column is-layout-flow wp-block-column-is-layout-flow\" style=\"flex-basis:40%\">\n<p><strong>Marta Ogrodnik<\/strong><\/p>\n<\/div>\n\n\n\n<div class=\"wp-block-column is-layout-flow wp-block-column-is-layout-flow\" style=\"flex-basis:60%\">\n<p>tel. 604 190 730<br>email: marta.ogrodnik@kabe-bud.pl<\/p>\n<\/div>\n<\/div>\n\n\n\n<div class=\"wp-block-columns is-layout-flex wp-container-core-columns-is-layout-7 wp-block-columns-is-layout-flex\">\n<div class=\"wp-block-column is-layout-flow wp-block-column-is-layout-flow\" style=\"flex-basis:40%\">\n<p><strong>Tomasz Paluszkiewicz<\/strong><\/p>\n<\/div>\n\n\n\n<div class=\"wp-block-column is-layout-flow wp-block-column-is-layout-flow\" style=\"flex-basis:60%\">\n<p>tel. 696 797 082<br>email: tomasz.paluszkiewicz@kabe-bud.pl<\/p>\n<\/div>\n<\/div>\n\n\n\n<div class=\"wp-block-columns is-layout-flex wp-container-core-columns-is-layout-8 wp-block-columns-is-layout-flex\">\n<div class=\"wp-block-column is-layout-flow wp-block-column-is-layout-flow\" style=\"flex-basis:40%\">\n<p><strong>Miros\u0142aw Zygar\u0142owski<\/strong><\/p>\n<\/div>\n\n\n\n<div class=\"wp-block-column is-layout-flow wp-block-column-is-layout-flow\" style=\"flex-basis:60%\">\n<p>tel. 604 105 625<br>email: miroslaw.zygarlowski@kabe-bud.pl<\/p>\n<\/div>\n<\/div>\n","protected":false},"excerpt":{"rendered":"<p>Skontaktuj si\u0119 z nami! KABE-BUD Sp. z o.o. Dane rejestrowe:KABE-BUD Sp. z o.o.ul. Hallera 6-8 60-104 Pozna\u0144NIP:7781417016Skrytka pocztowa nr 1 UP 47 Siedziba sp\u00f3\u0142ki:KABE-BUD Sp. z o.o.ul. Pozna\u0144ska 17462-052 Komorniki Dane kontaktowe Prezes Zarz\u0105duDyrektor generalnyBartosz Banach tel. 502 693 249email: bartosz.banach@kabe-bud.pl Dyrektor ds. technicznychPawe\u0142 Mantaj tel. 696 797 095email: pawel.mantaj@kabe-bud.pl [&hellip;]<\/p>\n","protected":false},"author":1,"featured_media":0,"parent":0,"menu_order":0,"comment_status":"closed","ping_status":"closed","template":"","meta":{"footnotes":""},"class_list":["post-22","page","type-page","status-publish","hentry"],"_links":{"self":[{"href":"https:\/\/kabe-bud.pl\/index.php?rest_route=\/wp\/v2\/pages\/22","targetHints":{"allow":["GET"]}}],"collection":[{"href":"https:\/\/kabe-bud.pl\/index.php?rest_route=\/wp\/v2\/pages"}],"about":[{"href":"https:\/\/kabe-bud.pl\/index.php?rest_route=\/wp\/v2\/types\/page"}],"author":[{"embeddable":true,"href":"https:\/\/kabe-bud.pl\/index.php?rest_route=\/wp\/v2\/users\/1"}],"replies":[{"embeddable":true,"href":"https:\/\/kabe-bud.pl\/index.php?rest_route=%2Fwp%2Fv2%2Fcomments&post=22"}],"version-history":[{"count":51,"href":"https:\/\/kabe-bud.pl\/index.php?rest_route=\/wp\/v2\/pages\/22\/revisions"}],"predecessor-version":[{"id":1086,"href":"https:\/\/kabe-bud.pl\/index.php?rest_route=\/wp\/v2\/pages\/22\/revisions\/1086"}],"wp:attachment":[{"href":"https:\/\/kabe-bud.pl\/index.php?rest_route=%2Fwp%2Fv2%2Fmedia&parent=22"}],"curies":[{"name":"wp","href":"https:\/\/api.w.org\/{rel}","templated":true}]}}